{"id":9831,"date":"2025-04-02T16:22:04","date_gmt":"2025-04-02T14:22:04","guid":{"rendered":"https:\/\/softinery.com\/pl\/?page_id=9831"},"modified":"2025-04-02T16:22:06","modified_gmt":"2025-04-02T14:22:06","slug":"symulacja-i-optymalizacja-bioreaktorow","status":"publish","type":"page","link":"https:\/\/softinery.com\/pl\/realizacje\/symulacja-i-optymalizacja-bioreaktorow\/","title":{"rendered":"Symulacja i optymalizacja bioreaktor\u00f3w"},"content":{"rendered":"\n<div class=\"wp-block-columns is-layout-flex wp-container-core-columns-is-layout-9d6595d7 wp-block-columns-is-layout-flex\">\n<div class=\"wp-block-column is-layout-flow wp-block-column-is-layout-flow\" style=\"flex-basis:66.66%\">\n<h3 class=\"wp-block-heading\"><strong>Opis problemu<\/strong><\/h3>\n\n\n\n<p>Bioreaktory to urz\u0105dzenia wykorzystuj\u0105ce mikroorganizmy do produkcji warto\u015bciowych zwi\u0105zk\u00f3w lub neutralizacji substancji toksycznych. Projektowanie tych urz\u0105dze\u0144 opiera si\u0119 na modelach matematycznych, kt\u00f3re opisuj\u0105 zjawiska zachodz\u0105ce wewn\u0105trz aparatu. In\u017cynierowie wykorzystuj\u0105 modele matematyczne do optymalizacji proces\u00f3w przemys\u0142owych, poniewa\u017c umo\u017cliwiaj\u0105 one okre\u015blenie parametr\u00f3w zapewniaj\u0105cych maksymaln\u0105 wydajno\u015b\u0107 produkcji.<br><\/p>\n<\/div>\n\n\n\n<div class=\"wp-block-column is-layout-flow wp-block-column-is-layout-flow\" style=\"flex-basis:33.33%\"><style>.wp-block-kadence-image.kb-image9831_3e3e9e-86:not(.kb-specificity-added):not(.kb-extra-specificity-added){margin-bottom:var(--global-kb-spacing-md, 2rem);}.kb-image9831_3e3e9e-86:not(.kb-image-is-ratio-size) .kb-img, .kb-image9831_3e3e9e-86.kb-image-is-ratio-size{padding-top:0px;padding-right:0px;padding-left:0px;}.kb-image9831_3e3e9e-86 .kb-image-has-overlay:after{opacity:0.3;}.kb-image9831_3e3e9e-86 img.kb-img, .kb-image9831_3e3e9e-86 .kb-img img{object-position:59% 40%;}<\/style>\n<div class=\"wp-block-kadence-image kb-image9831_3e3e9e-86 blog_link_image grey-box-with-shadow\"><figure class=\"aligncenter size-full kb-image-is-ratio-size\"><a href=\"https:\/\/softinery.com\/case-studies\/bioreactor-simulation-and-optimization\/\" class=\"kb-advanced-image-link\"><div class=\"kb-is-ratio-image kb-image-ratio-square\"><img decoding=\"async\" src=\"https:\/\/softinery.com\/wp-content\/uploads\/2024\/12\/bioreactor.webp\" alt=\"\" class=\"kb-img wp-image-8019\" title=\"Resarcher with computer\"\/><\/div><\/a><\/figure><\/div>\n<\/div>\n<\/div>\n\n\n\n<h3 class=\"wp-block-heading\">Podej\u015bcie<\/h3>\n\n\n\n<p>Modele matematyczne mo\u017cna podzieli\u0107 na kilka typ\u00f3w w zale\u017cno\u015bci od ich przeznaczenia. Modele CFD (Computational Fluid Dynamics) s\u0142u\u017c\u0105 do szczeg\u00f3\u0142owego opisu zachowania cieczy i s\u0105 zazwyczaj wykorzystywane do analizy rozwi\u0105za\u0144 konstrukcyjnych urz\u0105dze\u0144 (np. wp\u0142yw konstrukcji mieszad\u0142a na powstawanie stref martwych). Inn\u0105 grup\u0119 stanowi\u0105 modele oparte na r\u00f3wnaniach r\u00f3\u017cniczkowych. Podej\u015bcie to stanowi kompromis mi\u0119dzy poziomem szczeg\u00f3\u0142owo\u015bci a praktyczno\u015bci\u0105, co czyni je popularnym wyborem w rozwi\u0105zywaniu rzeczywistych problem\u00f3w. Na podstawie tego podej\u015bcia opracowali\u015bmy modele dla reaktor\u00f3w przep\u0142ywowych z mieszaniem ci\u0105g\u0142ym (CSTR) oraz reaktor\u00f3w rurowych.<\/p>\n\n\n\n<h3 class=\"wp-block-heading\">Wyniki<\/h3>\n\n\n\n<p>Na podstawie opracowanych modeli zoptymalizowali\u015bmy prac\u0119 bioreaktor\u00f3w. Jednym z zaprojektowanych rozwi\u0105za\u0144 by\u0142a metoda rozruchu bioreaktora, kt\u00f3ra pozwala na kilkukrotne skr\u00f3cenie czasu tego etapu w por\u00f3wnaniu do podej\u015bcia standardowego.<br><strong>Rozruch bioreaktora<\/strong><br>Opracowana przez nas uproszczona metoda matematyczna pozwala na precyzyjne przewidywanie dynamiki bioreaktora bez konieczno\u015bci stosowania zaawansowanych metod numerycznych, co znacz\u0105co upraszcza proces projektowania i optymalizacji.<\/p>\n\n\n\n<figure class=\"wp-block-image size-large\"><img decoding=\"async\" src=\"https:\/\/softinery.com\/wp-content\/uploads\/2024\/12\/GraphAbs-1024x351.webp\" alt=\"Startup of a bioreactor\" class=\"wp-image-8022\"\/><\/figure>\n\n\n<style>.wp-block-kadence-advancedheading.kt-adv-heading9831_18cde0-ef, .wp-block-kadence-advancedheading.kt-adv-heading9831_18cde0-ef[data-kb-block=\"kb-adv-heading9831_18cde0-ef\"]{font-style:normal;}.wp-block-kadence-advancedheading.kt-adv-heading9831_18cde0-ef mark.kt-highlight, .wp-block-kadence-advancedheading.kt-adv-heading9831_18cde0-ef[data-kb-block=\"kb-adv-heading9831_18cde0-ef\"] mark.kt-highlight{font-style:normal;color:#f76a0c;-webkit-box-decoration-break:clone;box-decoration-break:clone;padding-top:0px;padding-right:0px;padding-bottom:0px;padding-left:0px;}.wp-block-kadence-advancedheading.kt-adv-heading9831_18cde0-ef img.kb-inline-image, .wp-block-kadence-advancedheading.kt-adv-heading9831_18cde0-ef[data-kb-block=\"kb-adv-heading9831_18cde0-ef\"] img.kb-inline-image{width:150px;vertical-align:baseline;}<\/style>\n<h3 class=\"kt-adv-heading9831_18cde0-ef wp-block-kadence-advancedheading\" data-kb-block=\"kb-adv-heading9831_18cde0-ef\">Narz\u0119dzia<\/h3>\n\n\n\n<p>W projekcie wykorzystano Matlab, Pythona i C++. Matlab s\u0142u\u017cy\u0142 do symulacji i analizy modeli, Python do automatyzacji proces\u00f3w i wizualizacji, a C++ do implementacji kluczowych algorytm\u00f3w w celu zapewnienia wysokiej wydajno\u015bci obliczeniowej.<\/p>\n","protected":false},"excerpt":{"rendered":"<p>Opis problemu Bioreaktory to urz\u0105dzenia wykorzystuj\u0105ce mikroorganizmy do produkcji warto\u015bciowych zwi\u0105zk\u00f3w lub neutralizacji substancji toksycznych. Projektowanie tych urz\u0105dze\u0144 opiera si\u0119 na modelach matematycznych, kt\u00f3re opisuj\u0105 zjawiska zachodz\u0105ce wewn\u0105trz aparatu. In\u017cynierowie wykorzystuj\u0105 modele matematyczne do optymalizacji proces\u00f3w przemys\u0142owych, poniewa\u017c umo\u017cliwiaj\u0105 one okre\u015blenie parametr\u00f3w zapewniaj\u0105cych maksymaln\u0105 wydajno\u015b\u0107 produkcji. Podej\u015bcie Modele matematyczne mo\u017cna podzieli\u0107 na kilka typ\u00f3w w&hellip;&nbsp;<a href=\"https:\/\/softinery.com\/pl\/realizacje\/symulacja-i-optymalizacja-bioreaktorow\/\" rel=\"bookmark\">Dowiedz si\u0119 wi\u0119cej &raquo;<span class=\"screen-reader-text\">Symulacja i optymalizacja bioreaktor\u00f3w<\/span><\/a><\/p>\n","protected":false},"author":1,"featured_media":0,"parent":9636,"menu_order":0,"comment_status":"closed","ping_status":"closed","template":"","meta":{"neve_meta_sidebar":"","neve_meta_container":"","neve_meta_enable_content_width":"","neve_meta_content_width":0,"neve_meta_title_alignment":"","neve_meta_author_avatar":"","neve_post_elements_order":"","neve_meta_disable_header":"","neve_meta_disable_footer":"","neve_meta_disable_title":"","footnotes":""},"categories":[],"tags":[],"class_list":["post-9831","page","type-page","status-publish","hentry"],"yoast_head":"<!-- This site is optimized with the Yoast SEO plugin v27.1.1 - https:\/\/yoast.com\/product\/yoast-seo-wordpress\/ -->\n<title>Symulacja i optymalizacja bioreaktor\u00f3w - Softinery<\/title>\n<meta name=\"description\" content=\"Monitoruj pozycj\u0119 swojej strony w Google automatycznie! Nasza aplikacja \u015bledzi rankingi, generuje raporty i pomaga w optymalizacji SEO.\" \/>\n<meta name=\"robots\" content=\"index, follow, max-snippet:-1, max-image-preview:large, max-video-preview:-1\" \/>\n<link rel=\"canonical\" href=\"https:\/\/softinery.com\/pl\/realizacje\/symulacja-i-optymalizacja-bioreaktorow\/\" \/>\n<meta property=\"og:locale\" content=\"pl_PL\" \/>\n<meta property=\"og:type\" content=\"article\" \/>\n<meta property=\"og:title\" content=\"Symulacja i optymalizacja bioreaktor\u00f3w - Softinery\" \/>\n<meta property=\"og:description\" content=\"Monitoruj pozycj\u0119 swojej strony w Google automatycznie! Nasza aplikacja \u015bledzi rankingi, generuje raporty i pomaga w optymalizacji SEO.\" \/>\n<meta property=\"og:url\" content=\"https:\/\/softinery.com\/pl\/realizacje\/symulacja-i-optymalizacja-bioreaktorow\/\" \/>\n<meta property=\"og:site_name\" content=\"Softinery\" \/>\n<meta property=\"article:modified_time\" content=\"2025-04-02T14:22:06+00:00\" \/>\n<meta name=\"twitter:card\" content=\"summary_large_image\" \/>\n<meta name=\"twitter:label1\" content=\"Szacowany czas czytania\" \/>\n\t<meta name=\"twitter:data1\" content=\"2 minuty\" \/>\n<!-- \/ Yoast SEO plugin. -->","yoast_head_json":{"title":"Symulacja i optymalizacja bioreaktor\u00f3w - Softinery","description":"Monitoruj pozycj\u0119 swojej strony w Google automatycznie! Nasza aplikacja \u015bledzi rankingi, generuje raporty i pomaga w optymalizacji SEO.","robots":{"index":"index","follow":"follow","max-snippet":"max-snippet:-1","max-image-preview":"max-image-preview:large","max-video-preview":"max-video-preview:-1"},"canonical":"https:\/\/softinery.com\/pl\/realizacje\/symulacja-i-optymalizacja-bioreaktorow\/","og_locale":"pl_PL","og_type":"article","og_title":"Symulacja i optymalizacja bioreaktor\u00f3w - Softinery","og_description":"Monitoruj pozycj\u0119 swojej strony w Google automatycznie! Nasza aplikacja \u015bledzi rankingi, generuje raporty i pomaga w optymalizacji SEO.","og_url":"https:\/\/softinery.com\/pl\/realizacje\/symulacja-i-optymalizacja-bioreaktorow\/","og_site_name":"Softinery","article_modified_time":"2025-04-02T14:22:06+00:00","twitter_card":"summary_large_image","twitter_misc":{"Szacowany czas czytania":"2 minuty"},"schema":{"@context":"https:\/\/schema.org","@graph":[{"@type":"WebPage","@id":"https:\/\/softinery.com\/pl\/realizacje\/symulacja-i-optymalizacja-bioreaktorow\/","url":"https:\/\/softinery.com\/pl\/realizacje\/symulacja-i-optymalizacja-bioreaktorow\/","name":"Symulacja i optymalizacja bioreaktor\u00f3w - Softinery","isPartOf":{"@id":"https:\/\/softinery.com\/pl\/#website"},"primaryImageOfPage":{"@id":"https:\/\/softinery.com\/pl\/realizacje\/symulacja-i-optymalizacja-bioreaktorow\/#primaryimage"},"image":{"@id":"https:\/\/softinery.com\/pl\/realizacje\/symulacja-i-optymalizacja-bioreaktorow\/#primaryimage"},"thumbnailUrl":"https:\/\/softinery.com\/wp-content\/uploads\/2024\/12\/bioreactor.webp","datePublished":"2025-04-02T14:22:04+00:00","dateModified":"2025-04-02T14:22:06+00:00","description":"Monitoruj pozycj\u0119 swojej strony w Google automatycznie! Nasza aplikacja \u015bledzi rankingi, generuje raporty i pomaga w optymalizacji SEO.","breadcrumb":{"@id":"https:\/\/softinery.com\/pl\/realizacje\/symulacja-i-optymalizacja-bioreaktorow\/#breadcrumb"},"inLanguage":"pl-PL","potentialAction":[{"@type":"ReadAction","target":["https:\/\/softinery.com\/pl\/realizacje\/symulacja-i-optymalizacja-bioreaktorow\/"]}]},{"@type":"ImageObject","inLanguage":"pl-PL","@id":"https:\/\/softinery.com\/pl\/realizacje\/symulacja-i-optymalizacja-bioreaktorow\/#primaryimage","url":"https:\/\/softinery.com\/wp-content\/uploads\/2024\/12\/bioreactor.webp","contentUrl":"https:\/\/softinery.com\/wp-content\/uploads\/2024\/12\/bioreactor.webp"},{"@type":"BreadcrumbList","@id":"https:\/\/softinery.com\/pl\/realizacje\/symulacja-i-optymalizacja-bioreaktorow\/#breadcrumb","itemListElement":[{"@type":"ListItem","position":1,"name":"Strona g\u0142\u00f3wna","item":"https:\/\/softinery.com\/pl\/"},{"@type":"ListItem","position":2,"name":"Realizacje","item":"https:\/\/softinery.com\/pl\/realizacje\/"},{"@type":"ListItem","position":3,"name":"Symulacja i optymalizacja bioreaktor\u00f3w"}]},{"@type":"WebSite","@id":"https:\/\/softinery.com\/pl\/#website","url":"https:\/\/softinery.com\/pl\/","name":"Softinery","description":"Rozwi\u0105zania IT dla nowoczesnego przemys\u0142u","publisher":{"@id":"https:\/\/softinery.com\/pl\/#organization"},"potentialAction":[{"@type":"SearchAction","target":{"@type":"EntryPoint","urlTemplate":"https:\/\/softinery.com\/pl\/?s={search_term_string}"},"query-input":{"@type":"PropertyValueSpecification","valueRequired":true,"valueName":"search_term_string"}}],"inLanguage":"pl-PL"},{"@type":"Organization","@id":"https:\/\/softinery.com\/pl\/#organization","name":"Softinery","url":"https:\/\/softinery.com\/pl\/","logo":{"@type":"ImageObject","inLanguage":"pl-PL","@id":"https:\/\/softinery.com\/pl\/#\/schema\/logo\/image\/","url":"https:\/\/softinery.com\/wp-content\/uploads\/sites\/5\/2023\/05\/cropped-Gear-logo-transparent-1.webp","contentUrl":"https:\/\/softinery.com\/wp-content\/uploads\/sites\/5\/2023\/05\/cropped-Gear-logo-transparent-1.webp","width":512,"height":512,"caption":"Softinery"},"image":{"@id":"https:\/\/softinery.com\/pl\/#\/schema\/logo\/image\/"}}]}},"_links":{"self":[{"href":"https:\/\/softinery.com\/pl\/wp-json\/wp\/v2\/pages\/9831","targetHints":{"allow":["GET"]}}],"collection":[{"href":"https:\/\/softinery.com\/pl\/wp-json\/wp\/v2\/pages"}],"about":[{"href":"https:\/\/softinery.com\/pl\/wp-json\/wp\/v2\/types\/page"}],"author":[{"embeddable":true,"href":"https:\/\/softinery.com\/pl\/wp-json\/wp\/v2\/users\/1"}],"replies":[{"embeddable":true,"href":"https:\/\/softinery.com\/pl\/wp-json\/wp\/v2\/comments?post=9831"}],"version-history":[{"count":1,"href":"https:\/\/softinery.com\/pl\/wp-json\/wp\/v2\/pages\/9831\/revisions"}],"predecessor-version":[{"id":9832,"href":"https:\/\/softinery.com\/pl\/wp-json\/wp\/v2\/pages\/9831\/revisions\/9832"}],"up":[{"embeddable":true,"href":"https:\/\/softinery.com\/pl\/wp-json\/wp\/v2\/pages\/9636"}],"wp:attachment":[{"href":"https:\/\/softinery.com\/pl\/wp-json\/wp\/v2\/media?parent=9831"}],"wp:term":[{"taxonomy":"category","embeddable":true,"href":"https:\/\/softinery.com\/pl\/wp-json\/wp\/v2\/categories?post=9831"},{"taxonomy":"post_tag","embeddable":true,"href":"https:\/\/softinery.com\/pl\/wp-json\/wp\/v2\/tags?post=9831"}],"curies":[{"name":"wp","href":"https:\/\/api.w.org\/{rel}","templated":true}]}}